{"id":20,"date":"2018-11-08T14:18:28","date_gmt":"2018-11-08T13:18:28","guid":{"rendered":"http:\/\/www.schuetzengildeobervellach.com\/?page_id=20"},"modified":"2024-10-09T10:45:10","modified_gmt":"2024-10-09T08:45:10","slug":"ueber-mich","status":"publish","type":"page","link":"https:\/\/www.schuetzengildeobervellach.com\/?page_id=20","title":{"rendered":"Schie\u00dfstandordnung"},"content":{"rendered":"\n<p><strong><em>Grunds\u00e4tzlich:<\/em><\/strong><\/p>\n\n\n\n<p><strong>1. <\/strong>Die Pistolenschie\u00dfanlage darf nur unter Aufsicht eines verantwortlichen Schie\u00dfleiters ben\u00fctzt werden.<\/p>\n\n\n\n<p><strong>2.<\/strong> Allen Anordnungen die Schie\u00dfleiters und\/oder Standaufsicht sind unbedingt Folge zu leisten.<\/p>\n\n\n\n<p><strong>3.<\/strong> Ein Versto\u00df gegen diese Regeln oder Anweisungen hat den sofortigen Schie\u00dfstandverweis zur Folge!<\/p>\n\n\n\n<p><strong><em>Schie\u00dfregeln:<\/em><\/strong><\/p>\n\n\n\n<p><em><strong>4. M\u00fcndungsdisziplin:<\/strong><\/em> Das Hantieren mit Waffen (geladen oder ungeladen), sowie Anschlag\u00fcbungen sind nur an den einzelnen Schie\u00dfzellen erlaubt. Hierbei muss der Waffen lauf immer auf das Schussfeld (die Scheibe) gerichtet sein.<\/p>\n\n\n\n<p>5. Ladedisziplin: Das Laden und Entladen der Waffen darf nur in der Schie\u00dfzelle mit in Scheibenrichtung zeigendem Lauf erfolgen.<br>Geladene Waffen d\u00fcrfen nicht abgelegt oder abgestellt werden. <br>Abgelegte Waffen m\u00fcssen gesichert, das Magazin abgenommen bzw. die Trommel ausgeklappt und der Verschluss in hinterer (offener) Stellung sein.<\/p>\n\n\n\n<p><em><strong>6. Abzugsdisziplin:<\/strong><\/em> Finger weg vom Abzug!<br>Beim Laden, Anschlagen, Justieren darf der Finger nicht am Abzug sein, erst f\u00fcr eine bewusste Schussabgabe darf der Finger an das Abzugsz\u00fcngel gelegt werden.<br><\/p>\n\n\n\n<p><strong>7. Waffendisziplin:<\/strong> Grunds\u00e4tzlich ist jede Waffe ein pers\u00f6nliches Eigentum anderer, nur mit deren Einwilligung und Anwesenheit darf eine Waffe von Dritten ber\u00fchrt werden!<\/p>\n\n\n\n<p><strong><em>Weitere Regeln:<\/em><\/strong><\/p>\n\n\n\n<p><strong>8.<\/strong> Nur Personen, die ein g\u00fcltiges Waffendokument besitzen, d\u00fcrfen mit Faustfeuerwaffen schie\u00dfen. Andere Personen d\u00fcrfen nur unter unmittelbarer Aufsicht einer qualifizierten Person (Schie\u00dfinstruktor) schie\u00dfen.<\/p>\n\n\n\n<p><strong>9.<\/strong> Jeder schie\u00dft auf eigene Verantwortung und eigenes Risiko.<\/p>\n\n\n\n<p><strong>10.<\/strong> Der Schie\u00dfkanal ist unter keinen Umst\u00e4nden zu betreten!<\/p>\n\n\n\n<p><strong>11.<\/strong> Beim Schie\u00dfen sind von allen dort anwesenden Personen ausreichend wirksame Geh\u00f6rschutzger\u00e4te und Schie\u00dfbrillen (Schie\u00dfbrillen nur beim Pistolenstand) zu verwenden. Falls Ihnen keine zur Verf\u00fcgung stehen, wenden Sie sich bitte an das Personal.<\/p>\n\n\n\n<p><strong>12.<\/strong> Im Schie\u00dfstand d\u00fcrfen sich maximal 1 Personen pro Stand (+ max. eine weitere Person als unmittelbare Aufsicht\/Schie\u00dfinstruktor) aufhalten.<\/p>\n\n\n\n<p><strong>13.<\/strong> Beim Schie\u00dfen d\u00fcrfen sich keine Zuschauer im Schie\u00dfstand aufhalten.<\/p>\n\n\n\n<p><strong>14.<\/strong> Im Schie\u00dfstand, ist das Rauchen und die Verwendung von offenem Feuer sowie der Genuss von Alkohol verboten.<\/p>\n\n\n\n<p><strong>15.<\/strong> Personen, die augenscheinlich durch Alkohol, Suchtgifte, Medikamente oder sonst beeinflusst oder beeintr\u00e4chtigt sind, und Personen die bekannterma\u00dfen vom Besitz oder f\u00fchren einer Waffe ausgeschlossen sind, d\u00fcrfen zum Schie\u00dfbetrieb nicht zugelassen werden.<\/p>\n\n\n\n<p><em><strong>Waffentechnische-Regeln:<\/strong><\/em><\/p>\n\n\n\n<p><strong>16.<\/strong> S\u00e4mtliche Waffen d\u00fcrfen nur im entladenen zustand transportiert werden.<\/p>\n\n\n\n<p><em><strong>Langwaffen:<\/strong><\/em>M\u00fcssen ohne Futteral mit ge\u00f6ffnetem Verschluss zum Stand gebracht werden.<\/p>\n\n\n\n<p><em><strong>Faustfeuerwaffen:<\/strong><\/em>D\u00fcrfen erst am Stand in Schussrichtung aus dem Transportbeh\u00e4ltnis genommen werden). Dies gilt auch f\u00fcr Waffenpassinhaber. Die zu verwendenden Waffen sind dem Schie\u00dfleiter vorzuweisen.<\/p>\n\n\n\n<p><strong>17.<\/strong> Auf unsere Schie\u00dfst\u00e4tte ist f\u00fcr Faustfeuer.- und Langwaffen ausgerichtet.<br>Die Schusserlaubnis ist von der eingesetzten Munition abh\u00e4ngig, um die Funktion und Langlebigkeit der Anlage sicherzustellen. (Eine zul\u00e4ssige kaliberliste liegt Vorort auf, weiteres k\u00f6nnen sie sich telefonisch bei uns informieren)<br>&#8211; am Pistolenstand max. (.356 Win. Mag.) und keine Langwaffen (\u00fcber .22 lr.)<br>&#8211; die 50m Seilzuganlage ist nur f\u00fcr Kleinkaliber .22lr gerichtet<br>&#8211; an der 100m und 150m Anlage m\u00fcssen die Waffen mit einer entsprechenden Visierung f\u00fcr einen sicheren Scheibentreffer ausger\u00fcstet sein<br>&#8211; keine Geschosse mit Leuchtspur<br>&#8211; keine Flintengeschosse (Schrot)<br><br>Im Zweifelsfall entscheidet die Schie\u00dfaufsicht <br><\/p>\n\n\n\n<p><strong>18.<\/strong> Es d\u00fcrfen nur Einzelsch\u00fcsse abgegeben werden. Kein laden von Magazinen am Langwaffenstand (es darf immer nur eine Patrone vor der Schussabgabe geladen werden).<br>&#8211; keine vollautomatischen, Schussfolgen\/Dauerfeuer (weder am Langwaffen oder Pistolenstand)<br>&#8211; keine schnellen Schussfolgen (Einzelfeuer aus Selbstladewaffen am Gewehrstand)<br><\/p>\n\n\n\n<p><strong>19.<\/strong> F\u00fcr Besch\u00e4digungen an der Anlage haftet der Sch\u00fctze.<\/p>\n\n\n\n<p>Der Vorstand, Sch\u00fctzengilde Obervellach<\/p>\n\n\n<p><!--EndFragment--><\/p>","protected":false},"excerpt":{"rendered":"<p>Grunds\u00e4tzlich: 1. Die Pistolenschie\u00dfanlage darf nur unter Aufsicht eines verantwortlichen Schie\u00dfleiters ben\u00fctzt werden. 2. Allen Anordnungen die Schie\u00dfleiters und\/oder Standaufsicht<\/p>\n","protected":false},"author":1,"featured_media":0,"parent":0,"menu_order":0,"comment_status":"closed","ping_status":"closed","template":"","meta":{"spay_email":""},"_links":{"self":[{"href":"https:\/\/www.schuetzengildeobervellach.com\/index.php?rest_route=\/wp\/v2\/pages\/20"}],"collection":[{"href":"https:\/\/www.schuetzengildeobervellach.com\/index.php?rest_route=\/wp\/v2\/pages"}],"about":[{"href":"https:\/\/www.schuetzengildeobervellach.com\/index.php?rest_route=\/wp\/v2\/types\/page"}],"author":[{"embeddable":true,"href":"https:\/\/www.schuetzengildeobervellach.com\/index.php?rest_route=\/wp\/v2\/users\/1"}],"replies":[{"embeddable":true,"href":"https:\/\/www.schuetzengildeobervellach.com\/index.php?rest_route=%2Fwp%2Fv2%2Fcomments&post=20"}],"version-history":[{"count":5,"href":"https:\/\/www.schuetzengildeobervellach.com\/index.php?rest_route=\/wp\/v2\/pages\/20\/revisions"}],"predecessor-version":[{"id":501,"href":"https:\/\/www.schuetzengildeobervellach.com\/index.php?rest_route=\/wp\/v2\/pages\/20\/revisions\/501"}],"wp:attachment":[{"href":"https:\/\/www.schuetzengildeobervellach.com\/index.php?rest_route=%2Fwp%2Fv2%2Fmedia&parent=20"}],"curies":[{"name":"wp","href":"https:\/\/api.w.org\/{rel}","templated":true}]}}