{"id":143,"date":"2018-12-25T22:27:06","date_gmt":"2018-12-25T21:27:06","guid":{"rendered":"http:\/\/www.schuetzengildeobervellach.com\/?page_id=143"},"modified":"2024-10-09T10:38:56","modified_gmt":"2024-10-09T08:38:56","slug":"impressum","status":"publish","type":"page","link":"https:\/\/www.schuetzengildeobervellach.com\/?page_id=143","title":{"rendered":"Impressum"},"content":{"rendered":"\n<p>Impressum und Haftung:<br>Angaben gem\u00e4\u00df \u00a7 25 Mediengesetz:<\/p>\n\n\n\n<p>Medieninhaber:<br>Sch\u00fctzengilde Obervellach (ZVR-Nr. 459504465) &#8211; Obersch\u00fctzenmeister Alexander Salentinig.<br><\/p>\n\n\n\n<p>Haftungsausschluss, Nutzungsbedingungen und Copyright:<\/p>\n\n\n\n<p>Die Sch\u00fctzengilde Obervellach (in weiterer Folge SG Obervellach genannt) \u00fcbernimmt &#8211; soweit rechtlich zul\u00e4ssig &#8211; keine Haftung f\u00fcr unmittelbare, mittelbare oder sonstige Sch\u00e4den, unabh\u00e4ngig von deren Ursachen, die aus der Benutzung oder Nichtverf\u00fcgbarkeit der Daten und Informationen der Website des SG Obervellach erwachsen.<\/p>\n\n\n\n<p>Neben den selbst erstellten Inhalten finden sich auch externe Links auf die von anderen Anbietern im Internet bereit gestellte Inhalte. Der SG Obervellach \u00fcbernimmt jedoch keine Haftung f\u00fcr diese Anbieter und deren Informationen; f\u00fcr den Inhalt der verlinkten Website ist ausschlie\u00dflich der jeweilige Anbieter verantwortlich.<\/p>\n\n\n\n<p>Bei Weitergabe und Vervielf\u00e4ltigung von Daten und Informationen, welche von der Website heruntergeladen oder kopiert wurden und an denen der SG Obervellach das Urheberrecht beansprucht sowie bei Legung von Links zur Website des SG Obervellach ist immer anzugeben, dass der Inhalt vom SG Obervellach zur Verf\u00fcgung gestellt worden ist (Quellenangabe); dies gilt auch f\u00fcr eine Weiterverwendung von Daten und Informationen im Sinne des Informationsweiterverwendungsgesetzes.<\/p>\n\n\n\n<p>Weiters ist sicherzustellen, dass jede Person, die direkt oder indirekt Zugang zu den Daten und Informationen der Website des SG Obervellach erh\u00e4lt, \u00fcber diese Bedingungen unterrichtet wird.<\/p>\n\n\n\n<p>Die kommerzielle Verwertung dieser Daten bedarf ausnahmslos der vorherigen Genehmigung durch den SG Obervellach.<\/p>\n\n\n\n<p>Jegliche Daten und Informationen der Website des SG Obervellach, die nach Ansicht des SG Obervellach auf rechtswidrige oder unangemessene Weise verwendet werden, m\u00fcssen auf Verlangen des SG Obervellach gel\u00f6scht bzw. vernichtet werden.<\/p>\n\n\n\n<p>Jede Ver\u00e4nderung oder Verf\u00e4lschung von Informationsinhalten der Website des SG Obervellach ist verboten.<\/p>\n\n\n\n<p>Information \u00fcber die Weiterverwendung von Informationen \u00f6ffentlicher Stellen &#8211; Informationsweiterverwendungsgesetz (IWG):<\/p>\n\n\n\n<p>Generelle Erlaubnis zur Weiterverwendung: <\/p>\n\n\n\n<p>Alle Informationen, die auf der Website des SG Obervellach ver\u00f6ffentlicht sind, sind f\u00fcr eine Weiterverwendung im Sinne des IWG ohne weiteren Antrag generell freigegeben. Es wird darauf hingewiesen, dass jegliche Weiterverwendung unter entsprechender Quellenangabe erfolgen muss.<\/p>\n\n\n\n<p>Anfragen k\u00f6nnen an Obersch\u00fctzenmeister Alexander Salentinig erfolgen.<\/p>\n\n\n\n<p>Obersch\u00fctzenmeister Alexander Salentinig<br>Obervellach 175a<br>9821 Obervellach\u00a0<br>Telefon: 04782 \/321 21 <br>E-Mail: schuetzengildeobervellach@rkm.at<\/p>\n\n\n\n<p><strong>Erkl\u00e4rung zur Informationspflicht<\/strong><\/p>\n\n\n\n<p><strong>(Datenschutzerkl\u00e4rung)<\/strong><\/p>\n\n\n\n<p>Der Schutz Ihrer pers\u00f6nlichen Daten ist uns ein besonderes Anliegen. Wir verarbeiten Ihre Daten daher ausschlie\u00dflich auf Grundlage der gesetzlichen Bestimmungen (DSGVO, TKG 2003). In diesen Datenschutzinformationen informieren wir Sie \u00fcber die wichtigsten Aspekte der Datenverarbeitung im Rahmen unserer Website.<\/p>\n\n\n\n<p><strong>Ihre Rechte<\/strong><\/p>\n\n\n\n<p>Ihnen stehen grunds\u00e4tzlich die Rechte auf Auskunft, Berichtigung, L\u00f6schung, Einschr\u00e4nkung, Daten\u00fcbertragbarkeit, Widerruf und Widerspruch zu. Wenn Sie glauben, dass die Verarbeitung Ihrer Daten gegen das Datenschutzrecht verst\u00f6\u00dft oder Ihre datenschutzrechtlichen Anspr\u00fcche sonst in einer Weise verletzt worden sind, k\u00f6nnen Sie sich bei der Datenschutzbeh\u00f6rde beschweren.<\/p>\n\n\n\n<p><strong>Cookies<\/strong><\/p>\n\n\n\n<p>Unsere Website verwendet so genannte Cookies. Dabei handelt es sich um kleine Textdateien, die mit Hilfe des Browsers auf Ihrem Endger\u00e4t abgelegt werden. Sie richten keinen Schaden an. Wir nutzen Cookies dazu, unser Angebot nutzerfreundlich zu gestalten. Einige Cookies bleiben auf Ihrem Endger\u00e4t gespeichert, bis Sie diese l\u00f6schen. Sie erm\u00f6glichen es uns, Ihren Browser beim n\u00e4chsten Besuch wiederzuerkennen. Wenn Sie dies nicht w\u00fcnschen, so k\u00f6nnen Sie Ihren Browser so einrichten, dass er Sie \u00fcber das Setzen von Cookies informiert und Sie dies nur im Einzelfall erlauben.<br>Bei der Deaktivierung von Cookies kann die Funktionalit\u00e4t unserer Website eingeschr\u00e4nkt sein.&nbsp;<\/p>\n\n\n\n<p><strong>Einsatz von Google Analytics<br><\/strong><\/p>\n\n\n\n<p>Diese Website benutzt Google Analytics, einen Webanalysedienst der Google Inc. (&#8222;Google&#8220;). Google Analytics verwendet sog. &#8222;Cookies&#8220;, Textdateien, die auf Ihrem Computer gespeichert werden und die eine Analyse der Benutzung der Website durch Sie erm\u00f6glichen. Die durch den Cookie erzeugten Informationen \u00fcber Ihre Benutzung dieser Website werden in der Regel an einen Server von Google in den USA \u00fcbertragen und dort gespeichert. Im Falle der Aktivierung der IP-Anonymisierung auf dieser Webseite, wird Ihre IP-Adresse von Google jedoch innerhalb von Mitgliedstaaten der Europ\u00e4ischen Union oder in anderen Vertragsstaaten des Abkommens \u00fcber den Europ\u00e4ischen Wirtschaftsraum zuvor gek\u00fcrzt. Nur in Ausnahmef\u00e4llen wird die volle IP-Adresse an einen Server von Google in den USA \u00fcbertragen und dort gek\u00fcrzt. Im Auftrag des Betreibers dieser Website wird Google diese Informationen benutzen, um Ihre Nutzung der Website auszuwerten, um Reports \u00fcber die Websiteaktivit\u00e4ten zusammenzustellen und um weitere mit der Websitenutzung und der Internetnutzung verbundene Dienstleistungen gegen\u00fcber dem Websitebetreiber zu erbringen. Die im Rahmen von Google Analytics von Ihrem Browser \u00fcbermittelte IP-Adresse wird nicht mit anderen Daten von Google zusammengef\u00fchrt. Sie k\u00f6nnen die Speicherung der Cookies durch eine entsprechende Einstellung Ihrer Browser-Software verhindern; wir weisen Sie jedoch darauf hin, dass Sie in diesem Fall gegebenenfalls nicht s\u00e4mtliche Funktionen dieser Website vollumf\u00e4nglich werden nutzen k\u00f6nnen. Sie k\u00f6nnen dar\u00fcber hinaus die Erfassung der durch das Cookie erzeugten und auf Ihre Nutzung der Website bezogenen Daten (inkl. Ihrer IP-Adresse) an Google sowie die Verarbeitung dieser Daten durch Google verhindern, indem sie das unter dem folgenden Link (https:\/\/tools.google.com\/dlpage\/gaoptout?hl=de) verf\u00fcgbare Browser-Plugin herunterladen und installieren.<br>N\u00e4here Informationen hierzu finden Sie unter https:\/\/tools.google.com\/dlpage\/gaoptout?hl=de bzw. unter https:\/\/www.google.de\/intl\/de\/policies\/privacy\/ (allgemeine Informationen zu Google Analytics und Datenschutz). Wir weisen Sie darauf hin, dass auf dieser Webseite Google Analytics um den Code &#8222;gat._anonymizeIp();&#8220; erweitert wurde, um eine anonymisierte Erfassung von IP-Adressen (sog. IP-Masking) zu gew\u00e4hrleisten.<\/p>\n\n\n\n<p><strong>Sie erreichen uns unter folgenden Kontaktdaten<\/strong>:<\/p>\n\n\n\n<p><strong>Sch\u00fctzengilde Obervellach<\/strong><\/p>\n\n\n\n<p><strong>Obersch\u00fctzenmeister <\/strong>Alexander Salentinig<br>Obervellach 175a<br>9821 Obervellach <br>Mobil: 04782 \/ 321 21 <br>Email: schuetzengildeobervellach@rkm.at<\/p>\n","protected":false},"excerpt":{"rendered":"<p>Impressum und Haftung:Angaben gem\u00e4\u00df \u00a7 25 Mediengesetz: Medieninhaber:Sch\u00fctzengilde Obervellach (ZVR-Nr. 459504465) &#8211; Obersch\u00fctzenmeister Alexander Salentinig. Haftungsausschluss, Nutzungsbedingungen und Copyright: Die<\/p>\n","protected":false},"author":1,"featured_media":0,"parent":0,"menu_order":0,"comment_status":"closed","ping_status":"closed","template":"","meta":{"spay_email":""},"_links":{"self":[{"href":"https:\/\/www.schuetzengildeobervellach.com\/index.php?rest_route=\/wp\/v2\/pages\/143"}],"collection":[{"href":"https:\/\/www.schuetzengildeobervellach.com\/index.php?rest_route=\/wp\/v2\/pages"}],"about":[{"href":"https:\/\/www.schuetzengildeobervellach.com\/index.php?rest_route=\/wp\/v2\/types\/page"}],"author":[{"embeddable":true,"href":"https:\/\/www.schuetzengildeobervellach.com\/index.php?rest_route=\/wp\/v2\/users\/1"}],"replies":[{"embeddable":true,"href":"https:\/\/www.schuetzengildeobervellach.com\/index.php?rest_route=%2Fwp%2Fv2%2Fcomments&post=143"}],"version-history":[{"count":9,"href":"https:\/\/www.schuetzengildeobervellach.com\/index.php?rest_route=\/wp\/v2\/pages\/143\/revisions"}],"predecessor-version":[{"id":498,"href":"https:\/\/www.schuetzengildeobervellach.com\/index.php?rest_route=\/wp\/v2\/pages\/143\/revisions\/498"}],"wp:attachment":[{"href":"https:\/\/www.schuetzengildeobervellach.com\/index.php?rest_route=%2Fwp%2Fv2%2Fmedia&parent=143"}],"curies":[{"name":"wp","href":"https:\/\/api.w.org\/{rel}","templated":true}]}}